{"id":13575,"date":"2025-10-10T01:15:11","date_gmt":"2025-10-10T01:15:11","guid":{"rendered":"https:\/\/juliettemodels.com\/?page_id=13575"},"modified":"2025-11-25T23:45:23","modified_gmt":"2025-11-25T23:45:23","slug":"escorts-en-valencia","status":"publish","type":"page","link":"https:\/\/juliettemodels.com\/es\/escorts-en-valencia\/","title":{"rendered":"Escorts en Valencia"},"content":{"rendered":"<div class=\"wpb-content-wrapper\"><p>[vc_row][vc_column][vc_text_separator title=&#8221;Modelos de lujo en Valencia&#8221; border_width=&#8221;4&#8243; css=&#8221;&#8221;][vc_column_text css=&#8221;&#8221;]<span style=\"font-size: 14pt;\">Primeramente agradecerle su visita a nuestra galer\u00eda de escorts en Valencia. Estamos a su entera disposici\u00f3n para cualquier duda que tenga sobre las escorts de lujo publicadas. Tenemos mujeres de todas las nacionalidades, modelos high class internacionales, citas donde todo tiene importancia, de tal forma que su estancia en Valencia, sea todo un placer, bien acompa\u00f1ado en su Hotel, domicilio, ApartHotel o donde un usted prefiera. Son citas personalizadas con acompa\u00f1antes de aut\u00e9ntico lujo, chicas particulares, de inmejorable apariencia y con total discreci\u00f3n.<\/span><\/p>\n<p><span style=\"font-size: 14pt;\">En esta secci\u00f3n exponemos las chicas acompa\u00f1antes de alto standing disponibles de forma ocasional o permanente. Disfrutar de escorts en Valencia es una oportunidad a su alcance simplemente confiando en agencia <a href=\"https:\/\/juliettemodels.com\/es\/\">Juliette Models<\/a>. Son escorts libres e independientes, y liberales en sensualidad, en su gran mayor\u00eda con formaci\u00f3n universitaria, con el saber estar en cualquier ocasi\u00f3n \u00edntima y social.<\/span><\/p>\n<p><span style=\"font-size: 14pt;\">\u00a1S\u00edguenos en <a href=\"https:\/\/www.instagram.com\/juliette.models\/\">Instagram<\/a> o <a href=\"https:\/\/x.com\/juliette_models\">X<\/a> y no te pierdas ninguna de nuestras novedades!<\/span>[\/vc_column_text][\/vc_column][\/vc_row]<\/p>\n<\/div>","protected":false},"excerpt":{"rendered":"<p>[vc_row][vc_column][vc_text_separator title=&#8221;Modelos de lujo en Valencia&#8221; border_width=&#8221;4&#8243; css=&#8221;&#8221;][vc_column_text css=&#8221;&#8221;]Primeramente agradecerle su visita a nuestra galer\u00eda de escorts en Valencia. Estamos a su entera disposici\u00f3n para cualquier duda que tenga sobre las escorts de lujo publicadas. Tenemos mujeres de todas las nacionalidades, modelos high class internacionales, citas donde todo tiene importancia, de tal forma que su [&hellip;]<\/p>\n","protected":false},"author":1,"featured_media":13823,"parent":0,"menu_order":0,"comment_status":"closed","ping_status":"closed","template":"models-gallery-template.php","meta":{"_acf_changed":false,"footnotes":""},"class_list":["post-13575","page","type-page","status-publish","has-post-thumbnail","hentry"],"acf":[],"yoast_head":"<!-- This site is optimized with the Yoast SEO plugin v27.3 - https:\/\/yoast.com\/product\/yoast-seo-wordpress\/ -->\n<title>Escorts en Valencia - Juliette Models<\/title>\n<meta name=\"description\" content=\"Escorts en Valencia, GFE y la mejor selecci\u00f3n de Escorts de lujo a su disposici\u00f3n para salidas a domicilio y hotel.\" \/>\n<meta name=\"robots\" content=\"index, follow, max-snippet:-1, max-image-preview:large, max-video-preview:-1\" \/>\n<link rel=\"canonical\" href=\"https:\/\/juliettemodels.com\/es\/escorts-en-valencia\/\" \/>\n<meta property=\"og:locale\" content=\"es_ES\" \/>\n<meta property=\"og:type\" content=\"article\" \/>\n<meta property=\"og:title\" content=\"Escorts en Valencia - Juliette Models\" \/>\n<meta property=\"og:description\" content=\"Escorts en Valencia, GFE y la mejor selecci\u00f3n de Escorts de lujo a su disposici\u00f3n para salidas a domicilio y hotel.\" \/>\n<meta property=\"og:url\" content=\"https:\/\/juliettemodels.com\/es\/escorts-en-valencia\/\" \/>\n<meta property=\"og:site_name\" content=\"Juliette Models\" \/>\n<meta property=\"article:modified_time\" content=\"2025-11-25T23:45:23+00:00\" \/>\n<meta property=\"og:image\" content=\"https:\/\/juliettemodels.com\/wp-content\/uploads\/2025\/11\/14-1.jpeg\" \/>\n\t<meta property=\"og:image:width\" content=\"1263\" \/>\n\t<meta property=\"og:image:height\" content=\"1920\" \/>\n\t<meta property=\"og:image:type\" content=\"image\/jpeg\" \/>\n<meta name=\"twitter:card\" content=\"summary_large_image\" \/>\n<meta name=\"twitter:image\" content=\"https:\/\/juliettemodels.com\/wp-content\/uploads\/2025\/11\/14-1.jpeg\" \/>\n<meta name=\"twitter:site\" content=\"@juliette_models\" \/>\n<meta name=\"twitter:label1\" content=\"Tiempo de lectura\" \/>\n\t<meta name=\"twitter:data1\" content=\"1 minuto\" \/>\n<script type=\"application\/ld+json\" class=\"yoast-schema-graph\">{\"@context\":\"https:\\\/\\\/schema.org\",\"@graph\":[{\"@type\":\"WebPage\",\"@id\":\"https:\\\/\\\/juliettemodels.com\\\/es\\\/escorts-en-valencia\\\/\",\"url\":\"https:\\\/\\\/juliettemodels.com\\\/es\\\/escorts-en-valencia\\\/\",\"name\":\"Escorts en Valencia - Juliette Models\",\"isPartOf\":{\"@id\":\"https:\\\/\\\/juliettemodels.com\\\/es\\\/#website\"},\"primaryImageOfPage\":{\"@id\":\"https:\\\/\\\/juliettemodels.com\\\/es\\\/escorts-en-valencia\\\/#primaryimage\"},\"image\":{\"@id\":\"https:\\\/\\\/juliettemodels.com\\\/es\\\/escorts-en-valencia\\\/#primaryimage\"},\"thumbnailUrl\":\"https:\\\/\\\/juliettemodels.com\\\/wp-content\\\/uploads\\\/2025\\\/10\\\/161log.jpeg\",\"datePublished\":\"2025-10-10T01:15:11+00:00\",\"dateModified\":\"2025-11-25T23:45:23+00:00\",\"description\":\"Escorts en Valencia, GFE y la mejor selecci\u00f3n de Escorts de lujo a su disposici\u00f3n para salidas a domicilio y hotel.\",\"breadcrumb\":{\"@id\":\"https:\\\/\\\/juliettemodels.com\\\/es\\\/escorts-en-valencia\\\/#breadcrumb\"},\"inLanguage\":\"es\",\"potentialAction\":[{\"@type\":\"ReadAction\",\"target\":[\"https:\\\/\\\/juliettemodels.com\\\/es\\\/escorts-en-valencia\\\/\"]}]},{\"@type\":\"ImageObject\",\"inLanguage\":\"es\",\"@id\":\"https:\\\/\\\/juliettemodels.com\\\/es\\\/escorts-en-valencia\\\/#primaryimage\",\"url\":\"https:\\\/\\\/juliettemodels.com\\\/wp-content\\\/uploads\\\/2025\\\/10\\\/161log.jpeg\",\"contentUrl\":\"https:\\\/\\\/juliettemodels.com\\\/wp-content\\\/uploads\\\/2025\\\/10\\\/161log.jpeg\",\"width\":1263,\"height\":1920,\"caption\":\"Escorts en Valencia\"},{\"@type\":\"BreadcrumbList\",\"@id\":\"https:\\\/\\\/juliettemodels.com\\\/es\\\/escorts-en-valencia\\\/#breadcrumb\",\"itemListElement\":[{\"@type\":\"ListItem\",\"position\":1,\"name\":\"Home\",\"item\":\"https:\\\/\\\/juliettemodels.com\\\/es\\\/\"},{\"@type\":\"ListItem\",\"position\":2,\"name\":\"Escorts en Valencia\"}]},{\"@type\":\"WebSite\",\"@id\":\"https:\\\/\\\/juliettemodels.com\\\/es\\\/#website\",\"url\":\"https:\\\/\\\/juliettemodels.com\\\/es\\\/\",\"name\":\"Juliette Models\",\"description\":\"Escort High Class Model Agency Barcelona, Madrid, Ibiza, Mallorca\",\"publisher\":{\"@id\":\"https:\\\/\\\/juliettemodels.com\\\/es\\\/#organization\"},\"alternateName\":\"Escort Models\",\"potentialAction\":[{\"@type\":\"SearchAction\",\"target\":{\"@type\":\"EntryPoint\",\"urlTemplate\":\"https:\\\/\\\/juliettemodels.com\\\/es\\\/?s={search_term_string}\"},\"query-input\":{\"@type\":\"PropertyValueSpecification\",\"valueRequired\":true,\"valueName\":\"search_term_string\"}}],\"inLanguage\":\"es\"},{\"@type\":\"Organization\",\"@id\":\"https:\\\/\\\/juliettemodels.com\\\/es\\\/#organization\",\"name\":\"Juliette Models\",\"alternateName\":\"Putas en Barcelona\",\"url\":\"https:\\\/\\\/juliettemodels.com\\\/es\\\/\",\"logo\":{\"@type\":\"ImageObject\",\"inLanguage\":\"es\",\"@id\":\"https:\\\/\\\/juliettemodels.com\\\/es\\\/#\\\/schema\\\/logo\\\/image\\\/\",\"url\":\"https:\\\/\\\/juliettemodels.com\\\/wp-content\\\/uploads\\\/2022\\\/08\\\/cropped-cropped-cropped-20211128_005442000_iOS.jpg\",\"contentUrl\":\"https:\\\/\\\/juliettemodels.com\\\/wp-content\\\/uploads\\\/2022\\\/08\\\/cropped-cropped-cropped-20211128_005442000_iOS.jpg\",\"width\":512,\"height\":512,\"caption\":\"Juliette Models\"},\"image\":{\"@id\":\"https:\\\/\\\/juliettemodels.com\\\/es\\\/#\\\/schema\\\/logo\\\/image\\\/\"},\"sameAs\":[\"https:\\\/\\\/x.com\\\/juliette_models\",\"https:\\\/\\\/www.youtube.com\\\/@juliettemodels\"]}]}<\/script>\n<!-- \/ Yoast SEO plugin. -->","yoast_head_json":{"title":"Escorts en Valencia - Juliette Models","description":"Escorts en Valencia, GFE y la mejor selecci\u00f3n de Escorts de lujo a su disposici\u00f3n para salidas a domicilio y hotel.","robots":{"index":"index","follow":"follow","max-snippet":"max-snippet:-1","max-image-preview":"max-image-preview:large","max-video-preview":"max-video-preview:-1"},"canonical":"https:\/\/juliettemodels.com\/es\/escorts-en-valencia\/","og_locale":"es_ES","og_type":"article","og_title":"Escorts en Valencia - Juliette Models","og_description":"Escorts en Valencia, GFE y la mejor selecci\u00f3n de Escorts de lujo a su disposici\u00f3n para salidas a domicilio y hotel.","og_url":"https:\/\/juliettemodels.com\/es\/escorts-en-valencia\/","og_site_name":"Juliette Models","article_modified_time":"2025-11-25T23:45:23+00:00","og_image":[{"width":1263,"height":1920,"url":"https:\/\/juliettemodels.com\/wp-content\/uploads\/2025\/11\/14-1.jpeg","type":"image\/jpeg"}],"twitter_card":"summary_large_image","twitter_image":"https:\/\/juliettemodels.com\/wp-content\/uploads\/2025\/11\/14-1.jpeg","twitter_site":"@juliette_models","twitter_misc":{"Tiempo de lectura":"1 minuto"},"schema":{"@context":"https:\/\/schema.org","@graph":[{"@type":"WebPage","@id":"https:\/\/juliettemodels.com\/es\/escorts-en-valencia\/","url":"https:\/\/juliettemodels.com\/es\/escorts-en-valencia\/","name":"Escorts en Valencia - Juliette Models","isPartOf":{"@id":"https:\/\/juliettemodels.com\/es\/#website"},"primaryImageOfPage":{"@id":"https:\/\/juliettemodels.com\/es\/escorts-en-valencia\/#primaryimage"},"image":{"@id":"https:\/\/juliettemodels.com\/es\/escorts-en-valencia\/#primaryimage"},"thumbnailUrl":"https:\/\/juliettemodels.com\/wp-content\/uploads\/2025\/10\/161log.jpeg","datePublished":"2025-10-10T01:15:11+00:00","dateModified":"2025-11-25T23:45:23+00:00","description":"Escorts en Valencia, GFE y la mejor selecci\u00f3n de Escorts de lujo a su disposici\u00f3n para salidas a domicilio y hotel.","breadcrumb":{"@id":"https:\/\/juliettemodels.com\/es\/escorts-en-valencia\/#breadcrumb"},"inLanguage":"es","potentialAction":[{"@type":"ReadAction","target":["https:\/\/juliettemodels.com\/es\/escorts-en-valencia\/"]}]},{"@type":"ImageObject","inLanguage":"es","@id":"https:\/\/juliettemodels.com\/es\/escorts-en-valencia\/#primaryimage","url":"https:\/\/juliettemodels.com\/wp-content\/uploads\/2025\/10\/161log.jpeg","contentUrl":"https:\/\/juliettemodels.com\/wp-content\/uploads\/2025\/10\/161log.jpeg","width":1263,"height":1920,"caption":"Escorts en Valencia"},{"@type":"BreadcrumbList","@id":"https:\/\/juliettemodels.com\/es\/escorts-en-valencia\/#breadcrumb","itemListElement":[{"@type":"ListItem","position":1,"name":"Home","item":"https:\/\/juliettemodels.com\/es\/"},{"@type":"ListItem","position":2,"name":"Escorts en Valencia"}]},{"@type":"WebSite","@id":"https:\/\/juliettemodels.com\/es\/#website","url":"https:\/\/juliettemodels.com\/es\/","name":"Juliette Models","description":"Escort High Class Model Agency Barcelona, Madrid, Ibiza, Mallorca","publisher":{"@id":"https:\/\/juliettemodels.com\/es\/#organization"},"alternateName":"Escort Models","potentialAction":[{"@type":"SearchAction","target":{"@type":"EntryPoint","urlTemplate":"https:\/\/juliettemodels.com\/es\/?s={search_term_string}"},"query-input":{"@type":"PropertyValueSpecification","valueRequired":true,"valueName":"search_term_string"}}],"inLanguage":"es"},{"@type":"Organization","@id":"https:\/\/juliettemodels.com\/es\/#organization","name":"Juliette Models","alternateName":"Putas en Barcelona","url":"https:\/\/juliettemodels.com\/es\/","logo":{"@type":"ImageObject","inLanguage":"es","@id":"https:\/\/juliettemodels.com\/es\/#\/schema\/logo\/image\/","url":"https:\/\/juliettemodels.com\/wp-content\/uploads\/2022\/08\/cropped-cropped-cropped-20211128_005442000_iOS.jpg","contentUrl":"https:\/\/juliettemodels.com\/wp-content\/uploads\/2022\/08\/cropped-cropped-cropped-20211128_005442000_iOS.jpg","width":512,"height":512,"caption":"Juliette Models"},"image":{"@id":"https:\/\/juliettemodels.com\/es\/#\/schema\/logo\/image\/"},"sameAs":["https:\/\/x.com\/juliette_models","https:\/\/www.youtube.com\/@juliettemodels"]}]}},"_links":{"self":[{"href":"https:\/\/juliettemodels.com\/es\/wp-json\/wp\/v2\/pages\/13575","targetHints":{"allow":["GET"]}}],"collection":[{"href":"https:\/\/juliettemodels.com\/es\/wp-json\/wp\/v2\/pages"}],"about":[{"href":"https:\/\/juliettemodels.com\/es\/wp-json\/wp\/v2\/types\/page"}],"author":[{"embeddable":true,"href":"https:\/\/juliettemodels.com\/es\/wp-json\/wp\/v2\/users\/1"}],"replies":[{"embeddable":true,"href":"https:\/\/juliettemodels.com\/es\/wp-json\/wp\/v2\/comments?post=13575"}],"version-history":[{"count":5,"href":"https:\/\/juliettemodels.com\/es\/wp-json\/wp\/v2\/pages\/13575\/revisions"}],"predecessor-version":[{"id":14254,"href":"https:\/\/juliettemodels.com\/es\/wp-json\/wp\/v2\/pages\/13575\/revisions\/14254"}],"wp:featuredmedia":[{"embeddable":true,"href":"https:\/\/juliettemodels.com\/es\/wp-json\/wp\/v2\/media\/13823"}],"wp:attachment":[{"href":"https:\/\/juliettemodels.com\/es\/wp-json\/wp\/v2\/media?parent=13575"}],"curies":[{"name":"wp","href":"https:\/\/api.w.org\/{rel}","templated":true}]}}