{"id":2001,"date":"2014-05-22T10:31:45","date_gmt":"2014-05-22T10:31:45","guid":{"rendered":"https:\/\/juliettemodels.com\/model-submission\/"},"modified":"2026-02-01T18:16:39","modified_gmt":"2026-02-01T18:16:39","slug":"model-submission","status":"publish","type":"page","link":"https:\/\/juliettemodels.com\/es\/model-submission\/","title":{"rendered":"Formulario casting escorts"},"content":{"rendered":"<div class=\"wpb-content-wrapper\"><p>[vc_row][vc_column][vc_column_text]<\/p>\n<h2 style=\"text-align: center;\">INFORMACI\u00d3N PARA MODELOS<br \/>\nQUE DESEEN PUBLICARSE<\/h2>\n<p>[\/vc_column_text][vc_column_text css=&#8221;&#8221;]Ofrecemos servicios como agencia publicitaria en tele-marketing on-line. <a href=\"https:\/\/juliettemodels.com\/es\/\">Juliettemodels.com<\/a> no guarda relaci\u00f3n laboral alguna con las personas anunciadas, se limita a la publicaci\u00f3n y telemarketing on-line. <a href=\"https:\/\/juliettemodels.com\/es\/\">Juliette Models<\/a> est\u00e1 considerada como una de las mejores agencias de escorts de lujo Vip en el mundo.<\/p>\n<p>Agencia <a href=\"https:\/\/juliettemodels.com\/es\/\">Juliettemodels.com<\/a> es un portal-web de Internet en el que publicamos a chicas escorts independientes y particulares, interesadas en ofrecer su tiempo como escorts de alta clase Vip, en cualquier ciudad del mundo.<\/p>\n<p>Imprescindible ser bonita y tener buen f\u00edsico, tambi\u00e9n se tendr\u00e1n en cuenta otras caracter\u00edsticas como la implicaci\u00f3n natural, vestimenta id\u00f3nea, el saber estar, la puntualidad inglesa, la conversaci\u00f3n culta, ser abierta, ser discreta, y sobre todo, querer publicarse de forma consciente, voluntaria y por iniciativa propia.[\/vc_column_text][\/vc_column][\/vc_row][vc_row][vc_column][vc_column_text]<\/p>\n<h3 style=\"text-align: center;\">QU\u00c9 OFRECEMOS ?<\/h3>\n<p>[\/vc_column_text][vc_column_text]<\/p>\n<h4>\u2022 Encuentros<\/h4>\n<p>[\/vc_column_text][vc_column_text]Te ofrecemos la oportunidad de conocer se\u00f1ores de nivel selecto, que est\u00e9n interesados en conocerte \u00edntimamente con las limitaciones que t\u00fa desees, encuentros en cualquier Ciudad, cenas, viajes, hoteles, suites, etc.\u00a0<b>T\u00fa siempre tienes la \u00faltima palabra, en aceptar las propuestas de los se\u00f1ores.<br \/>\nActualizamos tu agenda-calendario en la web siguiendo tus indicaciones<\/b>, gestionamos la publicidad, hacemos todo el seguimiento con total discreci\u00f3n, para la satisfacci\u00f3n de todas las partes, todo avalado por la Agencia Juliette Models con una trayectoria de reconocido prestigio nacional e internacional.[\/vc_column_text][vc_column_text]<\/p>\n<h4>\u2022 Rentabilidad<\/h4>\n<p>[\/vc_column_text][vc_column_text]Tenemos la satisfacci\u00f3n de contar de forma habitual con usuarios gentiles y de trato exquisito, espa\u00f1oles, y de otros pa\u00edses.<\/p>\n<p>A diferencia de otras agencias, en Juliette Models te ofrecemos nuestro servicio en publicidad y tele-marketing on-line, por lo cual tu rentabilidad es mucho m\u00e1s alta, incluso si tomamos como referencia agencias con tarifas m\u00e1s elevadas, si lo prefieres tambi\u00e9n es posible personalizar tus tarifas, desde 200\u20ac. 300\u20ac. 400\u20ac. 0 m\u00e1s, es cuesti\u00f3n de valorar tu perfil personal.<br \/>\nPuedes compaginar d\u00edas y horarios con tu actividad habitual, no tienes que estar en ning\u00fan local,\u00a0t\u00fa decides los d\u00edas y horas en que estar\u00edas disponible.[\/vc_column_text][vc_column_text]<\/p>\n<h4>\u2022 Book Fotogr\u00e1fico<\/h4>\n<p>[\/vc_column_text][vc_column_text]En Juliette Models\u00a0todas las fotograf\u00edas son actuales y genuinas, t\u00fa decides en qu\u00e9 grado quieres que tapemos la cara, entendemos que una Dama de alto nivel\u00a0(escort de lujo Vip),\u00a0no puede mostrar su rostro en Internet por discreci\u00f3n personal, en el \u00e1mbito social, laboral y familiar, por lo cual difuminamos el rostro dejando entrever en algunas de las fotos de forma parcial y sutil, para que tengan una idea de tu aspecto,\u00a0 aunque no tenemos inconveniente en tapar por completo tu cara, es una decisi\u00f3n tuya.<\/p>\n<p>Si no dispones de fotograf\u00edas, nosotros podemos gestionar una sesi\u00f3n fotogr\u00e1fica para realizar tu book con fot\u00f3grafos profesionales.[\/vc_column_text][\/vc_column][\/vc_row][vc_row][vc_column][vc_column_text]<\/p>\n<h3 style=\"text-align: center;\">REQUISITOS<\/h3>\n<p>[\/vc_column_text][vc_column_text]Si quieres que te promocionemos como escort de lujo Vip en Juliette Models, de forma totalmente voluntaria y por iniciativa propia, tienes que reunir una serie de requisitos b\u00e1sicos, por supuesto en todo momento te ofreceremos nuestro asesoramiento general.<\/p>\n<p>*Tener entre 19 y 45 a\u00f1os<\/p>\n<p>* Formaci\u00f3n media o universitaria<\/p>\n<p>* De car\u00e1cter extrovertido y encantadora<\/p>\n<p>* Ser atractiva y tener buen f\u00edsico<\/p>\n<p>* Liberal en sexualidad<\/p>\n<p>* Hacer deporte<\/p>\n<p>* Elegante y discreta<\/p>\n<p>* Se valora el nivel de ingl\u00e9s u otros idiomas.<\/p>\n<p>Imprescindible ser atractiva de cara, puesto que ofrecemos por discreci\u00f3n personal difuminar la cara en las fotos, pero a condici\u00f3n l\u00f3gica de que tengas un atractivo de cara indiscutible.[\/vc_column_text][\/vc_column][\/vc_row][vc_row][vc_column][vc_column_text]<\/p>\n<h3 style=\"text-align: center;\">CONTACTO<\/h3>\n<p>[\/vc_column_text][vc_column_text css=&#8221;&#8221;]Si est\u00e1s interesada y cumples los requisitos, esperamos que nos env\u00edes los siguientes datos por e-mail, o con el formulario que veras a continuaci\u00f3n, tus datos y fotograf\u00edas personales ser\u00e1n tratados con total confidencialidad.<\/p>\n<p>Nombre o seud\u00f3nimo\u00a0 \/ A\u00f1os de edad \/ Nacionalidad \/ Tel\u00e9fono de contacto \/ E-mail \/ Medidas corporales \/ Idiomas que hablas Alguna foto reciente \/ D\u00edas y horarios en que prefieres que te llamemos, y cualquier comentario que desees exponer.<\/p>\n<p><a href=\"mailto:bookings@juliettemodels.com\">bookings@juliettemodels.com<\/a><br \/>\nNos pondremos en contacto para responder cualquier duda y concertar una entrevista personal si fuera de tu inter\u00e9s, si lo prefieres tambi\u00e9n me puedes llamar directamente al\u00a0<a href=\"tel:+34 691682609\">+34 691682609<\/a>, Katerina[\/vc_column_text][\/vc_column][\/vc_row][vc_row disable_element=&#8221;yes&#8221;][vc_column][vc_separator style=&#8221;dashed&#8221;][vc_column_text]<\/p>\n<h3 style=\"text-align: center;\">FORMULARIO DE CASTING<\/h3>\n<p>[\/vc_column_text][\/vc_column][\/vc_row][vc_row][vc_column][vc_separator style=&#8221;dashed&#8221;][vc_column_text]<\/p>\n<h3 style=\"text-align: center;\">FORMULARIO DE CASTING<\/h3>\n<p>[\/vc_column_text][vc_raw_html]JTVCZm9ybWlkYWJsZSUyMGlkJTNEMyU1RA==[\/vc_raw_html][\/vc_column][\/vc_row][vc_row][vc_column]<div class=\"social-icons text-center \"><a href=\"https:\/\/twitter.com\/juliette_models\" target=\"_blank\"><i class=\"fa fa-twitter\"><\/i><\/a><a href=\"https:\/\/www.youtube.com\/@juliettemodels\/\" target=\"_blank\"><i class=\"fa fa-youtube\"><\/i><\/a><a href=\"https:\/\/www.instagram.com\/juliette.models\/\" target=\"_blank\"><i class=\"fa fa-instagram\"><\/i><\/a><\/div>[\/vc_column][\/vc_row]<\/p>\n<\/div>","protected":false},"excerpt":{"rendered":"<p>[vc_row][vc_column][vc_column_text] INFORMACI\u00d3N PARA MODELOS QUE DESEEN PUBLICARSE [\/vc_column_text][vc_column_text css=&#8221;&#8221;]Ofrecemos servicios como agencia publicitaria en tele-marketing on-line. Juliettemodels.com no guarda relaci\u00f3n laboral alguna con las personas anunciadas, se limita a la publicaci\u00f3n y telemarketing on-line. Juliette Models est\u00e1 considerada como una de las mejores agencias de escorts de lujo Vip en el mundo. Agencia Juliettemodels.com es [&hellip;]<\/p>\n","protected":false},"author":1,"featured_media":0,"parent":0,"menu_order":0,"comment_status":"open","ping_status":"closed","template":"","meta":{"_acf_changed":false,"footnotes":""},"class_list":["post-2001","page","type-page","status-publish","hentry"],"acf":[],"yoast_head":"<!-- This site is optimized with the Yoast SEO plugin v27.4 - https:\/\/yoast.com\/product\/yoast-seo-wordpress\/ -->\n<title>Juliette Models - Formulario casting escorts<\/title>\n<meta name=\"description\" content=\"Si eres una chica joven y atractiva que desea tener ingresos extras, no esperes m\u00e1s y contacta con nosotros! Formulario casting para escorts\" \/>\n<meta name=\"robots\" content=\"index, follow, max-snippet:-1, max-image-preview:large, max-video-preview:-1\" \/>\n<link rel=\"canonical\" href=\"https:\/\/juliettemodels.com\/es\/model-submission\/\" \/>\n<meta property=\"og:locale\" content=\"es_ES\" \/>\n<meta property=\"og:type\" content=\"article\" \/>\n<meta property=\"og:title\" content=\"Juliette Models - Formulario casting escorts\" \/>\n<meta property=\"og:description\" content=\"Si eres una chica joven y atractiva que desea tener ingresos extras, no esperes m\u00e1s y contacta con nosotros! Formulario casting para escorts\" \/>\n<meta property=\"og:url\" content=\"https:\/\/juliettemodels.com\/es\/model-submission\/\" \/>\n<meta property=\"og:site_name\" content=\"Juliette Models\" \/>\n<meta property=\"article:modified_time\" content=\"2026-02-01T18:16:39+00:00\" \/>\n<meta property=\"og:image\" content=\"https:\/\/juliettemodels.com\/wp-content\/uploads\/2022\/08\/cropped-cropped-20211128_005442000_iOS.jpg\" \/>\n\t<meta property=\"og:image:width\" content=\"332\" \/>\n\t<meta property=\"og:image:height\" content=\"332\" \/>\n\t<meta property=\"og:image:type\" content=\"image\/jpeg\" \/>\n<meta name=\"twitter:card\" content=\"summary_large_image\" \/>\n<meta name=\"twitter:image\" content=\"https:\/\/juliettemodels.com\/wp-content\/uploads\/2022\/08\/cropped-cropped-20211128_005442000_iOS.jpg\" \/>\n<meta name=\"twitter:site\" content=\"@juliette_models\" \/>\n<meta name=\"twitter:label1\" content=\"Tiempo de lectura\" \/>\n\t<meta name=\"twitter:data1\" content=\"4 minutos\" \/>\n<script type=\"application\/ld+json\" class=\"yoast-schema-graph\">{\"@context\":\"https:\\\/\\\/schema.org\",\"@graph\":[{\"@type\":\"WebPage\",\"@id\":\"https:\\\/\\\/juliettemodels.com\\\/es\\\/model-submission\\\/\",\"url\":\"https:\\\/\\\/juliettemodels.com\\\/es\\\/model-submission\\\/\",\"name\":\"Juliette Models - Formulario casting escorts\",\"isPartOf\":{\"@id\":\"https:\\\/\\\/juliettemodels.com\\\/es\\\/#website\"},\"datePublished\":\"2014-05-22T10:31:45+00:00\",\"dateModified\":\"2026-02-01T18:16:39+00:00\",\"description\":\"Si eres una chica joven y atractiva que desea tener ingresos extras, no esperes m\u00e1s y contacta con nosotros! Formulario casting para escorts\",\"breadcrumb\":{\"@id\":\"https:\\\/\\\/juliettemodels.com\\\/es\\\/model-submission\\\/#breadcrumb\"},\"inLanguage\":\"es\",\"potentialAction\":[{\"@type\":\"ReadAction\",\"target\":[\"https:\\\/\\\/juliettemodels.com\\\/es\\\/model-submission\\\/\"]}]},{\"@type\":\"BreadcrumbList\",\"@id\":\"https:\\\/\\\/juliettemodels.com\\\/es\\\/model-submission\\\/#breadcrumb\",\"itemListElement\":[{\"@type\":\"ListItem\",\"position\":1,\"name\":\"Home\",\"item\":\"https:\\\/\\\/juliettemodels.com\\\/es\\\/\"},{\"@type\":\"ListItem\",\"position\":2,\"name\":\"Formulario casting escorts\"}]},{\"@type\":\"WebSite\",\"@id\":\"https:\\\/\\\/juliettemodels.com\\\/es\\\/#website\",\"url\":\"https:\\\/\\\/juliettemodels.com\\\/es\\\/\",\"name\":\"Juliette Models\",\"description\":\"Escort High Class Model Agency Barcelona, Madrid, Ibiza, Mallorca\",\"publisher\":{\"@id\":\"https:\\\/\\\/juliettemodels.com\\\/es\\\/#organization\"},\"alternateName\":\"Escort Models\",\"potentialAction\":[{\"@type\":\"SearchAction\",\"target\":{\"@type\":\"EntryPoint\",\"urlTemplate\":\"https:\\\/\\\/juliettemodels.com\\\/es\\\/?s={search_term_string}\"},\"query-input\":{\"@type\":\"PropertyValueSpecification\",\"valueRequired\":true,\"valueName\":\"search_term_string\"}}],\"inLanguage\":\"es\"},{\"@type\":\"Organization\",\"@id\":\"https:\\\/\\\/juliettemodels.com\\\/es\\\/#organization\",\"name\":\"Juliette Models\",\"alternateName\":\"Putas en Barcelona\",\"url\":\"https:\\\/\\\/juliettemodels.com\\\/es\\\/\",\"logo\":{\"@type\":\"ImageObject\",\"inLanguage\":\"es\",\"@id\":\"https:\\\/\\\/juliettemodels.com\\\/es\\\/#\\\/schema\\\/logo\\\/image\\\/\",\"url\":\"https:\\\/\\\/juliettemodels.com\\\/wp-content\\\/uploads\\\/2022\\\/08\\\/cropped-cropped-cropped-20211128_005442000_iOS.jpg\",\"contentUrl\":\"https:\\\/\\\/juliettemodels.com\\\/wp-content\\\/uploads\\\/2022\\\/08\\\/cropped-cropped-cropped-20211128_005442000_iOS.jpg\",\"width\":512,\"height\":512,\"caption\":\"Juliette Models\"},\"image\":{\"@id\":\"https:\\\/\\\/juliettemodels.com\\\/es\\\/#\\\/schema\\\/logo\\\/image\\\/\"},\"sameAs\":[\"https:\\\/\\\/x.com\\\/juliette_models\",\"https:\\\/\\\/www.youtube.com\\\/@juliettemodels\"]}]}<\/script>\n<!-- \/ Yoast SEO plugin. -->","yoast_head_json":{"title":"Juliette Models - Formulario casting escorts","description":"Si eres una chica joven y atractiva que desea tener ingresos extras, no esperes m\u00e1s y contacta con nosotros! Formulario casting para escorts","robots":{"index":"index","follow":"follow","max-snippet":"max-snippet:-1","max-image-preview":"max-image-preview:large","max-video-preview":"max-video-preview:-1"},"canonical":"https:\/\/juliettemodels.com\/es\/model-submission\/","og_locale":"es_ES","og_type":"article","og_title":"Juliette Models - Formulario casting escorts","og_description":"Si eres una chica joven y atractiva que desea tener ingresos extras, no esperes m\u00e1s y contacta con nosotros! Formulario casting para escorts","og_url":"https:\/\/juliettemodels.com\/es\/model-submission\/","og_site_name":"Juliette Models","article_modified_time":"2026-02-01T18:16:39+00:00","og_image":[{"width":332,"height":332,"url":"https:\/\/juliettemodels.com\/wp-content\/uploads\/2022\/08\/cropped-cropped-20211128_005442000_iOS.jpg","type":"image\/jpeg"}],"twitter_card":"summary_large_image","twitter_image":"https:\/\/juliettemodels.com\/wp-content\/uploads\/2022\/08\/cropped-cropped-20211128_005442000_iOS.jpg","twitter_site":"@juliette_models","twitter_misc":{"Tiempo de lectura":"4 minutos"},"schema":{"@context":"https:\/\/schema.org","@graph":[{"@type":"WebPage","@id":"https:\/\/juliettemodels.com\/es\/model-submission\/","url":"https:\/\/juliettemodels.com\/es\/model-submission\/","name":"Juliette Models - Formulario casting escorts","isPartOf":{"@id":"https:\/\/juliettemodels.com\/es\/#website"},"datePublished":"2014-05-22T10:31:45+00:00","dateModified":"2026-02-01T18:16:39+00:00","description":"Si eres una chica joven y atractiva que desea tener ingresos extras, no esperes m\u00e1s y contacta con nosotros! Formulario casting para escorts","breadcrumb":{"@id":"https:\/\/juliettemodels.com\/es\/model-submission\/#breadcrumb"},"inLanguage":"es","potentialAction":[{"@type":"ReadAction","target":["https:\/\/juliettemodels.com\/es\/model-submission\/"]}]},{"@type":"BreadcrumbList","@id":"https:\/\/juliettemodels.com\/es\/model-submission\/#breadcrumb","itemListElement":[{"@type":"ListItem","position":1,"name":"Home","item":"https:\/\/juliettemodels.com\/es\/"},{"@type":"ListItem","position":2,"name":"Formulario casting escorts"}]},{"@type":"WebSite","@id":"https:\/\/juliettemodels.com\/es\/#website","url":"https:\/\/juliettemodels.com\/es\/","name":"Juliette Models","description":"Escort High Class Model Agency Barcelona, Madrid, Ibiza, Mallorca","publisher":{"@id":"https:\/\/juliettemodels.com\/es\/#organization"},"alternateName":"Escort Models","potentialAction":[{"@type":"SearchAction","target":{"@type":"EntryPoint","urlTemplate":"https:\/\/juliettemodels.com\/es\/?s={search_term_string}"},"query-input":{"@type":"PropertyValueSpecification","valueRequired":true,"valueName":"search_term_string"}}],"inLanguage":"es"},{"@type":"Organization","@id":"https:\/\/juliettemodels.com\/es\/#organization","name":"Juliette Models","alternateName":"Putas en Barcelona","url":"https:\/\/juliettemodels.com\/es\/","logo":{"@type":"ImageObject","inLanguage":"es","@id":"https:\/\/juliettemodels.com\/es\/#\/schema\/logo\/image\/","url":"https:\/\/juliettemodels.com\/wp-content\/uploads\/2022\/08\/cropped-cropped-cropped-20211128_005442000_iOS.jpg","contentUrl":"https:\/\/juliettemodels.com\/wp-content\/uploads\/2022\/08\/cropped-cropped-cropped-20211128_005442000_iOS.jpg","width":512,"height":512,"caption":"Juliette Models"},"image":{"@id":"https:\/\/juliettemodels.com\/es\/#\/schema\/logo\/image\/"},"sameAs":["https:\/\/x.com\/juliette_models","https:\/\/www.youtube.com\/@juliettemodels"]}]}},"_links":{"self":[{"href":"https:\/\/juliettemodels.com\/es\/wp-json\/wp\/v2\/pages\/2001","targetHints":{"allow":["GET"]}}],"collection":[{"href":"https:\/\/juliettemodels.com\/es\/wp-json\/wp\/v2\/pages"}],"about":[{"href":"https:\/\/juliettemodels.com\/es\/wp-json\/wp\/v2\/types\/page"}],"author":[{"embeddable":true,"href":"https:\/\/juliettemodels.com\/es\/wp-json\/wp\/v2\/users\/1"}],"replies":[{"embeddable":true,"href":"https:\/\/juliettemodels.com\/es\/wp-json\/wp\/v2\/comments?post=2001"}],"version-history":[{"count":27,"href":"https:\/\/juliettemodels.com\/es\/wp-json\/wp\/v2\/pages\/2001\/revisions"}],"predecessor-version":[{"id":14930,"href":"https:\/\/juliettemodels.com\/es\/wp-json\/wp\/v2\/pages\/2001\/revisions\/14930"}],"wp:attachment":[{"href":"https:\/\/juliettemodels.com\/es\/wp-json\/wp\/v2\/media?parent=2001"}],"curies":[{"name":"wp","href":"https:\/\/api.w.org\/{rel}","templated":true}]}}