{"id":2022,"date":"2021-11-26T23:24:14","date_gmt":"2021-11-26T23:24:14","guid":{"rendered":"https:\/\/juliettemodels.com\/casting-success\/"},"modified":"2025-12-15T14:21:38","modified_gmt":"2025-12-15T14:21:38","slug":"casting-success","status":"publish","type":"page","link":"https:\/\/juliettemodels.com\/es\/casting-success\/","title":{"rendered":"Casting para escorts"},"content":{"rendered":"<div class=\"wpb-content-wrapper\"><p>[vc_row][vc_column width=&#8221;1\/4&#8243;][\/vc_column][vc_column width=&#8221;1\/2&#8243;][vc_column_text css=&#8221;&#8221;]<\/p>\n<h2 style=\"text-align: center;\">Tu mensaje ha sido enviado con \u00e9xito. Gracias.<\/h2>\n<p style=\"text-align: center;\"><a href=\"https:\/\/juliettemodels.com\/es\/model-submission\/\">Casting<\/a> para escorts.<\/p>\n<p>[\/vc_column_text][vc_column_text css=&#8221;&#8221;]<\/p>\n<p style=\"text-align: center;\">Hemos recibido con \u00e9xito el formulario, te contactaremos lo antes posible para una entrevista personal con una de nuestras secretarias.<\/p>\n<p style=\"text-align: center;\">Toda la informaci\u00f3n es estrictamente confidencial y tus datos solo ser\u00e1n utilizados para tramitar tu incorporaci\u00f3n en la agencia y no ser\u00e1n divulgados a terceros.<\/p>\n<p>&nbsp;<\/p>\n<p style=\"text-align: center;\"><span style=\"font-size: 14pt;\">\u00a1S\u00edguenos en <a href=\"https:\/\/www.instagram.com\/juliette.models\/\">Instagram<\/a> o <a href=\"https:\/\/x.com\/juliette_models\">X<\/a> y no te pierdas ninguna de nuestras novedades!<\/span><\/p>\n<p>[\/vc_column_text][\/vc_column][vc_column width=&#8221;1\/4&#8243;][\/vc_column][\/vc_row]<\/p>\n<\/div>","protected":false},"excerpt":{"rendered":"<p>[vc_row][vc_column width=&#8221;1\/4&#8243;][\/vc_column][vc_column width=&#8221;1\/2&#8243;][vc_column_text css=&#8221;&#8221;] Tu mensaje ha sido enviado con \u00e9xito. Gracias. Casting para escorts. [\/vc_column_text][vc_column_text css=&#8221;&#8221;] Hemos recibido con \u00e9xito el formulario, te contactaremos lo antes posible para una entrevista personal con una de nuestras secretarias. Toda la informaci\u00f3n es estrictamente confidencial y tus datos solo ser\u00e1n utilizados para tramitar tu incorporaci\u00f3n en la [&hellip;]<\/p>\n","protected":false},"author":1,"featured_media":14396,"parent":0,"menu_order":0,"comment_status":"open","ping_status":"closed","template":"","meta":{"_acf_changed":false,"footnotes":""},"class_list":["post-2022","page","type-page","status-publish","has-post-thumbnail","hentry"],"acf":[],"yoast_head":"<!-- This site is optimized with the Yoast SEO plugin v27.4 - https:\/\/yoast.com\/product\/yoast-seo-wordpress\/ -->\n<title>Casting para escorts - Juliette Models<\/title>\n<meta name=\"description\" content=\"\u00bfQuieres ser escort? \u00a1Ya est\u00e1 abierto el CASTING para escorts! \u00a1Acompa\u00f1ante de lujo en Barcelona, \u200b\u200bbusca caras nuevas!\" \/>\n<meta name=\"robots\" content=\"index, follow, max-snippet:-1, max-image-preview:large, max-video-preview:-1\" \/>\n<link rel=\"canonical\" href=\"https:\/\/juliettemodels.com\/es\/casting-success\/\" \/>\n<meta property=\"og:locale\" content=\"es_ES\" \/>\n<meta property=\"og:type\" content=\"article\" \/>\n<meta property=\"og:title\" content=\"Casting para escorts - Juliette Models\" \/>\n<meta property=\"og:description\" content=\"\u00bfQuieres ser escort? \u00a1Ya est\u00e1 abierto el CASTING para escorts! \u00a1Acompa\u00f1ante de lujo en Barcelona, \u200b\u200bbusca caras nuevas!\" \/>\n<meta property=\"og:url\" content=\"https:\/\/juliettemodels.com\/es\/casting-success\/\" \/>\n<meta property=\"og:site_name\" content=\"Juliette Models\" \/>\n<meta property=\"article:modified_time\" content=\"2025-12-15T14:21:38+00:00\" \/>\n<meta property=\"og:image\" content=\"https:\/\/juliettemodels.com\/wp-content\/uploads\/2022\/08\/cropped-cropped-20211128_005442000_iOS.jpg\" \/>\n\t<meta property=\"og:image:width\" content=\"332\" \/>\n\t<meta property=\"og:image:height\" content=\"332\" \/>\n\t<meta property=\"og:image:type\" content=\"image\/jpeg\" \/>\n<meta name=\"twitter:card\" content=\"summary_large_image\" \/>\n<meta name=\"twitter:image\" content=\"https:\/\/juliettemodels.com\/wp-content\/uploads\/2022\/08\/cropped-cropped-20211128_005442000_iOS.jpg\" \/>\n<meta name=\"twitter:site\" content=\"@juliette_models\" \/>\n<meta name=\"twitter:label1\" content=\"Tiempo de lectura\" \/>\n\t<meta name=\"twitter:data1\" content=\"1 minuto\" \/>\n<script type=\"application\/ld+json\" class=\"yoast-schema-graph\">{\"@context\":\"https:\\\/\\\/schema.org\",\"@graph\":[{\"@type\":\"WebPage\",\"@id\":\"https:\\\/\\\/juliettemodels.com\\\/es\\\/casting-success\\\/\",\"url\":\"https:\\\/\\\/juliettemodels.com\\\/es\\\/casting-success\\\/\",\"name\":\"Casting para escorts - Juliette Models\",\"isPartOf\":{\"@id\":\"https:\\\/\\\/juliettemodels.com\\\/es\\\/#website\"},\"primaryImageOfPage\":{\"@id\":\"https:\\\/\\\/juliettemodels.com\\\/es\\\/casting-success\\\/#primaryimage\"},\"image\":{\"@id\":\"https:\\\/\\\/juliettemodels.com\\\/es\\\/casting-success\\\/#primaryimage\"},\"thumbnailUrl\":\"https:\\\/\\\/juliettemodels.com\\\/wp-content\\\/uploads\\\/2014\\\/10\\\/parallax1.jpg\",\"datePublished\":\"2021-11-26T23:24:14+00:00\",\"dateModified\":\"2025-12-15T14:21:38+00:00\",\"description\":\"\u00bfQuieres ser escort? \u00a1Ya est\u00e1 abierto el CASTING para escorts! \u00a1Acompa\u00f1ante de lujo en Barcelona, \u200b\u200bbusca caras nuevas!\",\"breadcrumb\":{\"@id\":\"https:\\\/\\\/juliettemodels.com\\\/es\\\/casting-success\\\/#breadcrumb\"},\"inLanguage\":\"es\",\"potentialAction\":[{\"@type\":\"ReadAction\",\"target\":[\"https:\\\/\\\/juliettemodels.com\\\/es\\\/casting-success\\\/\"]}]},{\"@type\":\"ImageObject\",\"inLanguage\":\"es\",\"@id\":\"https:\\\/\\\/juliettemodels.com\\\/es\\\/casting-success\\\/#primaryimage\",\"url\":\"https:\\\/\\\/juliettemodels.com\\\/wp-content\\\/uploads\\\/2014\\\/10\\\/parallax1.jpg\",\"contentUrl\":\"https:\\\/\\\/juliettemodels.com\\\/wp-content\\\/uploads\\\/2014\\\/10\\\/parallax1.jpg\",\"width\":1843,\"height\":1920,\"caption\":\"Casting para escorts\"},{\"@type\":\"BreadcrumbList\",\"@id\":\"https:\\\/\\\/juliettemodels.com\\\/es\\\/casting-success\\\/#breadcrumb\",\"itemListElement\":[{\"@type\":\"ListItem\",\"position\":1,\"name\":\"Home\",\"item\":\"https:\\\/\\\/juliettemodels.com\\\/es\\\/\"},{\"@type\":\"ListItem\",\"position\":2,\"name\":\"Casting para escorts\"}]},{\"@type\":\"WebSite\",\"@id\":\"https:\\\/\\\/juliettemodels.com\\\/es\\\/#website\",\"url\":\"https:\\\/\\\/juliettemodels.com\\\/es\\\/\",\"name\":\"Juliette Models\",\"description\":\"Escort High Class Model Agency Barcelona, Madrid, Ibiza, Mallorca\",\"publisher\":{\"@id\":\"https:\\\/\\\/juliettemodels.com\\\/es\\\/#organization\"},\"alternateName\":\"Escort Models\",\"potentialAction\":[{\"@type\":\"SearchAction\",\"target\":{\"@type\":\"EntryPoint\",\"urlTemplate\":\"https:\\\/\\\/juliettemodels.com\\\/es\\\/?s={search_term_string}\"},\"query-input\":{\"@type\":\"PropertyValueSpecification\",\"valueRequired\":true,\"valueName\":\"search_term_string\"}}],\"inLanguage\":\"es\"},{\"@type\":\"Organization\",\"@id\":\"https:\\\/\\\/juliettemodels.com\\\/es\\\/#organization\",\"name\":\"Juliette Models\",\"alternateName\":\"Putas en Barcelona\",\"url\":\"https:\\\/\\\/juliettemodels.com\\\/es\\\/\",\"logo\":{\"@type\":\"ImageObject\",\"inLanguage\":\"es\",\"@id\":\"https:\\\/\\\/juliettemodels.com\\\/es\\\/#\\\/schema\\\/logo\\\/image\\\/\",\"url\":\"https:\\\/\\\/juliettemodels.com\\\/wp-content\\\/uploads\\\/2022\\\/08\\\/cropped-cropped-cropped-20211128_005442000_iOS.jpg\",\"contentUrl\":\"https:\\\/\\\/juliettemodels.com\\\/wp-content\\\/uploads\\\/2022\\\/08\\\/cropped-cropped-cropped-20211128_005442000_iOS.jpg\",\"width\":512,\"height\":512,\"caption\":\"Juliette Models\"},\"image\":{\"@id\":\"https:\\\/\\\/juliettemodels.com\\\/es\\\/#\\\/schema\\\/logo\\\/image\\\/\"},\"sameAs\":[\"https:\\\/\\\/x.com\\\/juliette_models\",\"https:\\\/\\\/www.youtube.com\\\/@juliettemodels\"]}]}<\/script>\n<!-- \/ Yoast SEO plugin. -->","yoast_head_json":{"title":"Casting para escorts - Juliette Models","description":"\u00bfQuieres ser escort? \u00a1Ya est\u00e1 abierto el CASTING para escorts! \u00a1Acompa\u00f1ante de lujo en Barcelona, \u200b\u200bbusca caras nuevas!","robots":{"index":"index","follow":"follow","max-snippet":"max-snippet:-1","max-image-preview":"max-image-preview:large","max-video-preview":"max-video-preview:-1"},"canonical":"https:\/\/juliettemodels.com\/es\/casting-success\/","og_locale":"es_ES","og_type":"article","og_title":"Casting para escorts - Juliette Models","og_description":"\u00bfQuieres ser escort? \u00a1Ya est\u00e1 abierto el CASTING para escorts! \u00a1Acompa\u00f1ante de lujo en Barcelona, \u200b\u200bbusca caras nuevas!","og_url":"https:\/\/juliettemodels.com\/es\/casting-success\/","og_site_name":"Juliette Models","article_modified_time":"2025-12-15T14:21:38+00:00","og_image":[{"width":332,"height":332,"url":"https:\/\/juliettemodels.com\/wp-content\/uploads\/2022\/08\/cropped-cropped-20211128_005442000_iOS.jpg","type":"image\/jpeg"}],"twitter_card":"summary_large_image","twitter_image":"https:\/\/juliettemodels.com\/wp-content\/uploads\/2022\/08\/cropped-cropped-20211128_005442000_iOS.jpg","twitter_site":"@juliette_models","twitter_misc":{"Tiempo de lectura":"1 minuto"},"schema":{"@context":"https:\/\/schema.org","@graph":[{"@type":"WebPage","@id":"https:\/\/juliettemodels.com\/es\/casting-success\/","url":"https:\/\/juliettemodels.com\/es\/casting-success\/","name":"Casting para escorts - Juliette Models","isPartOf":{"@id":"https:\/\/juliettemodels.com\/es\/#website"},"primaryImageOfPage":{"@id":"https:\/\/juliettemodels.com\/es\/casting-success\/#primaryimage"},"image":{"@id":"https:\/\/juliettemodels.com\/es\/casting-success\/#primaryimage"},"thumbnailUrl":"https:\/\/juliettemodels.com\/wp-content\/uploads\/2014\/10\/parallax1.jpg","datePublished":"2021-11-26T23:24:14+00:00","dateModified":"2025-12-15T14:21:38+00:00","description":"\u00bfQuieres ser escort? \u00a1Ya est\u00e1 abierto el CASTING para escorts! \u00a1Acompa\u00f1ante de lujo en Barcelona, \u200b\u200bbusca caras nuevas!","breadcrumb":{"@id":"https:\/\/juliettemodels.com\/es\/casting-success\/#breadcrumb"},"inLanguage":"es","potentialAction":[{"@type":"ReadAction","target":["https:\/\/juliettemodels.com\/es\/casting-success\/"]}]},{"@type":"ImageObject","inLanguage":"es","@id":"https:\/\/juliettemodels.com\/es\/casting-success\/#primaryimage","url":"https:\/\/juliettemodels.com\/wp-content\/uploads\/2014\/10\/parallax1.jpg","contentUrl":"https:\/\/juliettemodels.com\/wp-content\/uploads\/2014\/10\/parallax1.jpg","width":1843,"height":1920,"caption":"Casting para escorts"},{"@type":"BreadcrumbList","@id":"https:\/\/juliettemodels.com\/es\/casting-success\/#breadcrumb","itemListElement":[{"@type":"ListItem","position":1,"name":"Home","item":"https:\/\/juliettemodels.com\/es\/"},{"@type":"ListItem","position":2,"name":"Casting para escorts"}]},{"@type":"WebSite","@id":"https:\/\/juliettemodels.com\/es\/#website","url":"https:\/\/juliettemodels.com\/es\/","name":"Juliette Models","description":"Escort High Class Model Agency Barcelona, Madrid, Ibiza, Mallorca","publisher":{"@id":"https:\/\/juliettemodels.com\/es\/#organization"},"alternateName":"Escort Models","potentialAction":[{"@type":"SearchAction","target":{"@type":"EntryPoint","urlTemplate":"https:\/\/juliettemodels.com\/es\/?s={search_term_string}"},"query-input":{"@type":"PropertyValueSpecification","valueRequired":true,"valueName":"search_term_string"}}],"inLanguage":"es"},{"@type":"Organization","@id":"https:\/\/juliettemodels.com\/es\/#organization","name":"Juliette Models","alternateName":"Putas en Barcelona","url":"https:\/\/juliettemodels.com\/es\/","logo":{"@type":"ImageObject","inLanguage":"es","@id":"https:\/\/juliettemodels.com\/es\/#\/schema\/logo\/image\/","url":"https:\/\/juliettemodels.com\/wp-content\/uploads\/2022\/08\/cropped-cropped-cropped-20211128_005442000_iOS.jpg","contentUrl":"https:\/\/juliettemodels.com\/wp-content\/uploads\/2022\/08\/cropped-cropped-cropped-20211128_005442000_iOS.jpg","width":512,"height":512,"caption":"Juliette Models"},"image":{"@id":"https:\/\/juliettemodels.com\/es\/#\/schema\/logo\/image\/"},"sameAs":["https:\/\/x.com\/juliette_models","https:\/\/www.youtube.com\/@juliettemodels"]}]}},"_links":{"self":[{"href":"https:\/\/juliettemodels.com\/es\/wp-json\/wp\/v2\/pages\/2022","targetHints":{"allow":["GET"]}}],"collection":[{"href":"https:\/\/juliettemodels.com\/es\/wp-json\/wp\/v2\/pages"}],"about":[{"href":"https:\/\/juliettemodels.com\/es\/wp-json\/wp\/v2\/types\/page"}],"author":[{"embeddable":true,"href":"https:\/\/juliettemodels.com\/es\/wp-json\/wp\/v2\/users\/1"}],"replies":[{"embeddable":true,"href":"https:\/\/juliettemodels.com\/es\/wp-json\/wp\/v2\/comments?post=2022"}],"version-history":[{"count":8,"href":"https:\/\/juliettemodels.com\/es\/wp-json\/wp\/v2\/pages\/2022\/revisions"}],"predecessor-version":[{"id":14567,"href":"https:\/\/juliettemodels.com\/es\/wp-json\/wp\/v2\/pages\/2022\/revisions\/14567"}],"wp:featuredmedia":[{"embeddable":true,"href":"https:\/\/juliettemodels.com\/es\/wp-json\/wp\/v2\/media\/14396"}],"wp:attachment":[{"href":"https:\/\/juliettemodels.com\/es\/wp-json\/wp\/v2\/media?parent=2022"}],"curies":[{"name":"wp","href":"https:\/\/api.w.org\/{rel}","templated":true}]}}