{"id":3372,"date":"2022-04-13T21:19:54","date_gmt":"2022-04-13T21:19:54","guid":{"rendered":"https:\/\/juliettemodels.com\/?page_id=3372"},"modified":"2025-11-25T21:18:00","modified_gmt":"2025-11-25T21:18:00","slug":"escorts-en-ibiza","status":"publish","type":"page","link":"https:\/\/juliettemodels.com\/es\/escorts-en-ibiza\/","title":{"rendered":"Escorts en Ibiza"},"content":{"rendered":"<div class=\"wpb-content-wrapper\"><p>[vc_row][vc_column][vc_text_separator title=&#8221;Modelos de lujo en Ibiza&#8221; border_width=&#8221;4&#8243; css=&#8221;&#8221;][vc_column_text css=&#8221;&#8221;]<span style=\"font-size: 14pt;\">Primeramente agradecerle su visita a nuestra galer\u00eda de escorts de lujo en Ibiza. Estamos a su entera disposici\u00f3n para cualquier duda que tenga sobre las modelos de alto standing publicadas. Tenemos modelos de lujo de todas las nacionalidades, escorts high class internacionales, citas GFE donde todo tiene importancia, de tal forma que su estancia en Ibiza, sea todo un placer, bien acompa\u00f1ado en su Hotel, domicilio, ApartHotel o donde un usted prefiera. Son encuentros personalizados con acompa\u00f1antes de aut\u00e9ntico lujo, chicas particulares, de inmejorable apariencia y con total discreci\u00f3n.<\/span><\/p>\n<p><span style=\"font-size: 14pt;\">En esta secci\u00f3n exponemos las chicas acompa\u00f1antes de alto standing disponibles en Ibiza de forma ocasional o permanente. Disfrutar de las acompa\u00f1antes es una oportunidad al alcance simplemente confiando en agencia <a href=\"https:\/\/juliettemodels.com\/es\/\">Juliette Models<\/a>. Son escorts libres e independientes, y liberales en sensualidad. En su gran mayor\u00eda disponen de formaci\u00f3n universitaria, con el saber estar en cualquier ocasi\u00f3n \u00edntima y social.<\/span><\/p>\n<p><span style=\"font-size: 14pt;\">\u00a1S\u00edguenos en <a href=\"https:\/\/www.instagram.com\/juliette.models\/\">Instagram<\/a> o <a href=\"https:\/\/x.com\/juliette_models\">X<\/a> y no te pierdas ninguna de nuestras novedades!<\/span>[\/vc_column_text][\/vc_column][\/vc_row]<\/p>\n<\/div>","protected":false},"excerpt":{"rendered":"<p>[vc_row][vc_column][vc_text_separator title=&#8221;Modelos de lujo en Ibiza&#8221; border_width=&#8221;4&#8243; css=&#8221;&#8221;][vc_column_text css=&#8221;&#8221;]Primeramente agradecerle su visita a nuestra galer\u00eda de escorts de lujo en Ibiza. Estamos a su entera disposici\u00f3n para cualquier duda que tenga sobre las modelos de alto standing publicadas. Tenemos modelos de lujo de todas las nacionalidades, escorts high class internacionales, citas GFE donde todo tiene [&hellip;]<\/p>\n","protected":false},"author":1,"featured_media":9338,"parent":0,"menu_order":0,"comment_status":"closed","ping_status":"closed","template":"models-gallery-template.php","meta":{"_acf_changed":false,"footnotes":""},"class_list":["post-3372","page","type-page","status-publish","has-post-thumbnail","hentry"],"acf":[],"yoast_head":"<!-- This site is optimized with the Yoast SEO plugin v27.4 - https:\/\/yoast.com\/product\/yoast-seo-wordpress\/ -->\n<title>Escorts en Ibiza - Juliette Models<\/title>\n<meta name=\"description\" content=\"Escorts en Ibiza, prostitutas, chicas de compa\u00f1\u00eda y la mejor selecci\u00f3n para tu estancia en la isla. Solo fotos reales, chicas verificadas.\" \/>\n<meta name=\"robots\" content=\"index, follow, max-snippet:-1, max-image-preview:large, max-video-preview:-1\" \/>\n<link rel=\"canonical\" href=\"https:\/\/juliettemodels.com\/es\/escorts-en-ibiza\/\" \/>\n<meta property=\"og:locale\" content=\"es_ES\" \/>\n<meta property=\"og:type\" content=\"article\" \/>\n<meta property=\"og:title\" content=\"Escorts en Ibiza - Juliette Models\" \/>\n<meta property=\"og:description\" content=\"Escorts en Ibiza, prostitutas, chicas de compa\u00f1\u00eda y la mejor selecci\u00f3n para tu estancia en la isla. Solo fotos reales, chicas verificadas.\" \/>\n<meta property=\"og:url\" content=\"https:\/\/juliettemodels.com\/es\/escorts-en-ibiza\/\" \/>\n<meta property=\"og:site_name\" content=\"Juliette Models\" \/>\n<meta property=\"article:modified_time\" content=\"2025-11-25T21:18:00+00:00\" \/>\n<meta property=\"og:image\" content=\"https:\/\/juliettemodels.com\/wp-content\/uploads\/2023\/10\/1-2.jpeg\" \/>\n\t<meta property=\"og:image:width\" content=\"1263\" \/>\n\t<meta property=\"og:image:height\" content=\"1920\" \/>\n\t<meta property=\"og:image:type\" content=\"image\/jpeg\" \/>\n<meta name=\"twitter:card\" content=\"summary_large_image\" \/>\n<meta name=\"twitter:image\" content=\"https:\/\/juliettemodels.com\/wp-content\/uploads\/2023\/10\/1-2.jpeg\" \/>\n<meta name=\"twitter:site\" content=\"@juliette_models\" \/>\n<meta name=\"twitter:label1\" content=\"Tiempo de lectura\" \/>\n\t<meta name=\"twitter:data1\" content=\"1 minuto\" \/>\n<script type=\"application\/ld+json\" class=\"yoast-schema-graph\">{\"@context\":\"https:\\\/\\\/schema.org\",\"@graph\":[{\"@type\":\"WebPage\",\"@id\":\"https:\\\/\\\/juliettemodels.com\\\/es\\\/escorts-en-ibiza\\\/\",\"url\":\"https:\\\/\\\/juliettemodels.com\\\/es\\\/escorts-en-ibiza\\\/\",\"name\":\"Escorts en Ibiza - Juliette Models\",\"isPartOf\":{\"@id\":\"https:\\\/\\\/juliettemodels.com\\\/es\\\/#website\"},\"primaryImageOfPage\":{\"@id\":\"https:\\\/\\\/juliettemodels.com\\\/es\\\/escorts-en-ibiza\\\/#primaryimage\"},\"image\":{\"@id\":\"https:\\\/\\\/juliettemodels.com\\\/es\\\/escorts-en-ibiza\\\/#primaryimage\"},\"thumbnailUrl\":\"https:\\\/\\\/juliettemodels.com\\\/wp-content\\\/uploads\\\/2024\\\/05\\\/2.jpeg\",\"datePublished\":\"2022-04-13T21:19:54+00:00\",\"dateModified\":\"2025-11-25T21:18:00+00:00\",\"description\":\"Escorts en Ibiza, prostitutas, chicas de compa\u00f1\u00eda y la mejor selecci\u00f3n para tu estancia en la isla. Solo fotos reales, chicas verificadas.\",\"breadcrumb\":{\"@id\":\"https:\\\/\\\/juliettemodels.com\\\/es\\\/escorts-en-ibiza\\\/#breadcrumb\"},\"inLanguage\":\"es\",\"potentialAction\":[{\"@type\":\"ReadAction\",\"target\":[\"https:\\\/\\\/juliettemodels.com\\\/es\\\/escorts-en-ibiza\\\/\"]}]},{\"@type\":\"ImageObject\",\"inLanguage\":\"es\",\"@id\":\"https:\\\/\\\/juliettemodels.com\\\/es\\\/escorts-en-ibiza\\\/#primaryimage\",\"url\":\"https:\\\/\\\/juliettemodels.com\\\/wp-content\\\/uploads\\\/2024\\\/05\\\/2.jpeg\",\"contentUrl\":\"https:\\\/\\\/juliettemodels.com\\\/wp-content\\\/uploads\\\/2024\\\/05\\\/2.jpeg\",\"width\":1263,\"height\":1920,\"caption\":\"Escorts en Ibiza\"},{\"@type\":\"BreadcrumbList\",\"@id\":\"https:\\\/\\\/juliettemodels.com\\\/es\\\/escorts-en-ibiza\\\/#breadcrumb\",\"itemListElement\":[{\"@type\":\"ListItem\",\"position\":1,\"name\":\"Home\",\"item\":\"https:\\\/\\\/juliettemodels.com\\\/es\\\/\"},{\"@type\":\"ListItem\",\"position\":2,\"name\":\"Escorts en Ibiza\"}]},{\"@type\":\"WebSite\",\"@id\":\"https:\\\/\\\/juliettemodels.com\\\/es\\\/#website\",\"url\":\"https:\\\/\\\/juliettemodels.com\\\/es\\\/\",\"name\":\"Juliette Models\",\"description\":\"Escort High Class Model Agency Barcelona, Madrid, Ibiza, Mallorca\",\"publisher\":{\"@id\":\"https:\\\/\\\/juliettemodels.com\\\/es\\\/#organization\"},\"alternateName\":\"Escort Models\",\"potentialAction\":[{\"@type\":\"SearchAction\",\"target\":{\"@type\":\"EntryPoint\",\"urlTemplate\":\"https:\\\/\\\/juliettemodels.com\\\/es\\\/?s={search_term_string}\"},\"query-input\":{\"@type\":\"PropertyValueSpecification\",\"valueRequired\":true,\"valueName\":\"search_term_string\"}}],\"inLanguage\":\"es\"},{\"@type\":\"Organization\",\"@id\":\"https:\\\/\\\/juliettemodels.com\\\/es\\\/#organization\",\"name\":\"Juliette Models\",\"alternateName\":\"Putas en Barcelona\",\"url\":\"https:\\\/\\\/juliettemodels.com\\\/es\\\/\",\"logo\":{\"@type\":\"ImageObject\",\"inLanguage\":\"es\",\"@id\":\"https:\\\/\\\/juliettemodels.com\\\/es\\\/#\\\/schema\\\/logo\\\/image\\\/\",\"url\":\"https:\\\/\\\/juliettemodels.com\\\/wp-content\\\/uploads\\\/2022\\\/08\\\/cropped-cropped-cropped-20211128_005442000_iOS.jpg\",\"contentUrl\":\"https:\\\/\\\/juliettemodels.com\\\/wp-content\\\/uploads\\\/2022\\\/08\\\/cropped-cropped-cropped-20211128_005442000_iOS.jpg\",\"width\":512,\"height\":512,\"caption\":\"Juliette Models\"},\"image\":{\"@id\":\"https:\\\/\\\/juliettemodels.com\\\/es\\\/#\\\/schema\\\/logo\\\/image\\\/\"},\"sameAs\":[\"https:\\\/\\\/x.com\\\/juliette_models\",\"https:\\\/\\\/www.youtube.com\\\/@juliettemodels\"]}]}<\/script>\n<!-- \/ Yoast SEO plugin. -->","yoast_head_json":{"title":"Escorts en Ibiza - Juliette Models","description":"Escorts en Ibiza, prostitutas, chicas de compa\u00f1\u00eda y la mejor selecci\u00f3n para tu estancia en la isla. Solo fotos reales, chicas verificadas.","robots":{"index":"index","follow":"follow","max-snippet":"max-snippet:-1","max-image-preview":"max-image-preview:large","max-video-preview":"max-video-preview:-1"},"canonical":"https:\/\/juliettemodels.com\/es\/escorts-en-ibiza\/","og_locale":"es_ES","og_type":"article","og_title":"Escorts en Ibiza - Juliette Models","og_description":"Escorts en Ibiza, prostitutas, chicas de compa\u00f1\u00eda y la mejor selecci\u00f3n para tu estancia en la isla. Solo fotos reales, chicas verificadas.","og_url":"https:\/\/juliettemodels.com\/es\/escorts-en-ibiza\/","og_site_name":"Juliette Models","article_modified_time":"2025-11-25T21:18:00+00:00","og_image":[{"width":1263,"height":1920,"url":"https:\/\/juliettemodels.com\/wp-content\/uploads\/2023\/10\/1-2.jpeg","type":"image\/jpeg"}],"twitter_card":"summary_large_image","twitter_image":"https:\/\/juliettemodels.com\/wp-content\/uploads\/2023\/10\/1-2.jpeg","twitter_site":"@juliette_models","twitter_misc":{"Tiempo de lectura":"1 minuto"},"schema":{"@context":"https:\/\/schema.org","@graph":[{"@type":"WebPage","@id":"https:\/\/juliettemodels.com\/es\/escorts-en-ibiza\/","url":"https:\/\/juliettemodels.com\/es\/escorts-en-ibiza\/","name":"Escorts en Ibiza - Juliette Models","isPartOf":{"@id":"https:\/\/juliettemodels.com\/es\/#website"},"primaryImageOfPage":{"@id":"https:\/\/juliettemodels.com\/es\/escorts-en-ibiza\/#primaryimage"},"image":{"@id":"https:\/\/juliettemodels.com\/es\/escorts-en-ibiza\/#primaryimage"},"thumbnailUrl":"https:\/\/juliettemodels.com\/wp-content\/uploads\/2024\/05\/2.jpeg","datePublished":"2022-04-13T21:19:54+00:00","dateModified":"2025-11-25T21:18:00+00:00","description":"Escorts en Ibiza, prostitutas, chicas de compa\u00f1\u00eda y la mejor selecci\u00f3n para tu estancia en la isla. Solo fotos reales, chicas verificadas.","breadcrumb":{"@id":"https:\/\/juliettemodels.com\/es\/escorts-en-ibiza\/#breadcrumb"},"inLanguage":"es","potentialAction":[{"@type":"ReadAction","target":["https:\/\/juliettemodels.com\/es\/escorts-en-ibiza\/"]}]},{"@type":"ImageObject","inLanguage":"es","@id":"https:\/\/juliettemodels.com\/es\/escorts-en-ibiza\/#primaryimage","url":"https:\/\/juliettemodels.com\/wp-content\/uploads\/2024\/05\/2.jpeg","contentUrl":"https:\/\/juliettemodels.com\/wp-content\/uploads\/2024\/05\/2.jpeg","width":1263,"height":1920,"caption":"Escorts en Ibiza"},{"@type":"BreadcrumbList","@id":"https:\/\/juliettemodels.com\/es\/escorts-en-ibiza\/#breadcrumb","itemListElement":[{"@type":"ListItem","position":1,"name":"Home","item":"https:\/\/juliettemodels.com\/es\/"},{"@type":"ListItem","position":2,"name":"Escorts en Ibiza"}]},{"@type":"WebSite","@id":"https:\/\/juliettemodels.com\/es\/#website","url":"https:\/\/juliettemodels.com\/es\/","name":"Juliette Models","description":"Escort High Class Model Agency Barcelona, Madrid, Ibiza, Mallorca","publisher":{"@id":"https:\/\/juliettemodels.com\/es\/#organization"},"alternateName":"Escort Models","potentialAction":[{"@type":"SearchAction","target":{"@type":"EntryPoint","urlTemplate":"https:\/\/juliettemodels.com\/es\/?s={search_term_string}"},"query-input":{"@type":"PropertyValueSpecification","valueRequired":true,"valueName":"search_term_string"}}],"inLanguage":"es"},{"@type":"Organization","@id":"https:\/\/juliettemodels.com\/es\/#organization","name":"Juliette Models","alternateName":"Putas en Barcelona","url":"https:\/\/juliettemodels.com\/es\/","logo":{"@type":"ImageObject","inLanguage":"es","@id":"https:\/\/juliettemodels.com\/es\/#\/schema\/logo\/image\/","url":"https:\/\/juliettemodels.com\/wp-content\/uploads\/2022\/08\/cropped-cropped-cropped-20211128_005442000_iOS.jpg","contentUrl":"https:\/\/juliettemodels.com\/wp-content\/uploads\/2022\/08\/cropped-cropped-cropped-20211128_005442000_iOS.jpg","width":512,"height":512,"caption":"Juliette Models"},"image":{"@id":"https:\/\/juliettemodels.com\/es\/#\/schema\/logo\/image\/"},"sameAs":["https:\/\/x.com\/juliette_models","https:\/\/www.youtube.com\/@juliettemodels"]}]}},"_links":{"self":[{"href":"https:\/\/juliettemodels.com\/es\/wp-json\/wp\/v2\/pages\/3372","targetHints":{"allow":["GET"]}}],"collection":[{"href":"https:\/\/juliettemodels.com\/es\/wp-json\/wp\/v2\/pages"}],"about":[{"href":"https:\/\/juliettemodels.com\/es\/wp-json\/wp\/v2\/types\/page"}],"author":[{"embeddable":true,"href":"https:\/\/juliettemodels.com\/es\/wp-json\/wp\/v2\/users\/1"}],"replies":[{"embeddable":true,"href":"https:\/\/juliettemodels.com\/es\/wp-json\/wp\/v2\/comments?post=3372"}],"version-history":[{"count":13,"href":"https:\/\/juliettemodels.com\/es\/wp-json\/wp\/v2\/pages\/3372\/revisions"}],"predecessor-version":[{"id":14230,"href":"https:\/\/juliettemodels.com\/es\/wp-json\/wp\/v2\/pages\/3372\/revisions\/14230"}],"wp:featuredmedia":[{"embeddable":true,"href":"https:\/\/juliettemodels.com\/es\/wp-json\/wp\/v2\/media\/9338"}],"wp:attachment":[{"href":"https:\/\/juliettemodels.com\/es\/wp-json\/wp\/v2\/media?parent=3372"}],"curies":[{"name":"wp","href":"https:\/\/api.w.org\/{rel}","templated":true}]}}