{"id":8428,"date":"2024-01-08T13:50:59","date_gmt":"2024-01-08T13:50:59","guid":{"rendered":"https:\/\/juliettemodels.com\/?page_id=8428"},"modified":"2026-02-08T01:58:23","modified_gmt":"2026-02-08T01:58:23","slug":"escorts-en-munich","status":"publish","type":"page","link":"https:\/\/juliettemodels.com\/es\/escorts-en-munich\/","title":{"rendered":"Escorts en Munich"},"content":{"rendered":"<div class=\"wpb-content-wrapper\"><p>[vc_row][vc_column][vc_text_separator title=&#8221;Modelos de lujo en Munich&#8221; border_width=&#8221;4&#8243; css=&#8221;&#8221;][vc_column_text css=&#8221;&#8221;]<span style=\"font-size: 14pt;\">Primeramente agradecerle su visita a nuestra galer\u00eda de escorts de lujo en Munich. Estamos a su entera disposici\u00f3n para cualquier duda que tenga sobre las escorts de alto standing publicadas. Ellas son modelos de lujo de todas las nacionalidades, escorts high class internacionales, citas GFE donde todo tiene importancia, de tal forma que su estancia en Munich, sea todo un placer.<\/span><\/p>\n<p><span style=\"font-size: 14pt;\">Bien acompa\u00f1ado en su Hotel, domicilio, ApartHotel o donde un usted prefiera, ya que son citas personalizadas con acompa\u00f1antes de aut\u00e9ntico lujo. Son chicas independientes, de inmejorable apariencia y con total discreci\u00f3n.<\/span><\/p>\n<p><span style=\"font-size: 14pt;\">En esta secci\u00f3n exponemos las chicas acompa\u00f1antes de alto standing disponibles en Munich de forma ocasional o permanente. Disfrutar de las acompa\u00f1antes es una oportunidad a su alcance simplemente confiando en agencia <a href=\"https:\/\/juliettemodels.com\/es\/\">Juliette Models.<\/a> Son escorts libres e independientes, y liberales en sensualidad, en su gran mayor\u00eda con formaci\u00f3n universitaria, con el saber estar en cualquier ocasi\u00f3n \u00edntima y social.<\/span><\/p>\n<p><span style=\"font-size: 14pt;\">\u00a1S\u00edguenos en <a href=\"https:\/\/www.instagram.com\/juliette.models\/\">Instagram<\/a> o <a href=\"https:\/\/x.com\/juliette_models\">X<\/a> y no te pierdas ninguna de nuestras novedades!<\/span>[\/vc_column_text][\/vc_column][\/vc_row]<\/p>\n<\/div>","protected":false},"excerpt":{"rendered":"<p>[vc_row][vc_column][vc_text_separator title=&#8221;Modelos de lujo en Munich&#8221; border_width=&#8221;4&#8243; css=&#8221;&#8221;][vc_column_text css=&#8221;&#8221;]Primeramente agradecerle su visita a nuestra galer\u00eda de escorts de lujo en Munich. Estamos a su entera disposici\u00f3n para cualquier duda que tenga sobre las escorts de alto standing publicadas. Ellas son modelos de lujo de todas las nacionalidades, escorts high class internacionales, citas GFE donde todo [&hellip;]<\/p>\n","protected":false},"author":1,"featured_media":12773,"parent":0,"menu_order":0,"comment_status":"closed","ping_status":"closed","template":"models-gallery-template.php","meta":{"_acf_changed":false,"footnotes":""},"class_list":["post-8428","page","type-page","status-publish","has-post-thumbnail","hentry"],"acf":[],"yoast_head":"<!-- This site is optimized with the Yoast SEO plugin v27.5 - https:\/\/yoast.com\/product\/yoast-seo-wordpress\/ -->\n<title>Escorts en Munich - Juliette Models<\/title>\n<meta name=\"description\" content=\"Agradecerle su visita a nuestra galer\u00eda de escorts de lujo en Munich, estamos a su entera disposici\u00f3n para cualquier duda que tenga.\" \/>\n<meta name=\"robots\" content=\"index, follow, max-snippet:-1, max-image-preview:large, max-video-preview:-1\" \/>\n<link rel=\"canonical\" href=\"https:\/\/juliettemodels.com\/es\/escorts-en-munich\/\" \/>\n<meta property=\"og:locale\" content=\"es_ES\" \/>\n<meta property=\"og:type\" content=\"article\" \/>\n<meta property=\"og:title\" content=\"Escorts en Munich - Juliette Models\" \/>\n<meta property=\"og:description\" content=\"Agradecerle su visita a nuestra galer\u00eda de escorts de lujo en Munich, estamos a su entera disposici\u00f3n para cualquier duda que tenga.\" \/>\n<meta property=\"og:url\" content=\"https:\/\/juliettemodels.com\/es\/escorts-en-munich\/\" \/>\n<meta property=\"og:site_name\" content=\"Juliette Models\" \/>\n<meta property=\"article:modified_time\" content=\"2026-02-08T01:58:23+00:00\" \/>\n<meta property=\"og:image\" content=\"https:\/\/juliettemodels.com\/wp-content\/uploads\/2026\/02\/banner-copia-e1770433855986.jpg\" \/>\n\t<meta property=\"og:image:width\" content=\"1920\" \/>\n\t<meta property=\"og:image:height\" content=\"1224\" \/>\n\t<meta property=\"og:image:type\" content=\"image\/jpeg\" \/>\n<meta name=\"twitter:card\" content=\"summary_large_image\" \/>\n<meta name=\"twitter:image\" content=\"https:\/\/juliettemodels.com\/wp-content\/uploads\/2026\/02\/banner-copia-e1770433855986.jpg\" \/>\n<meta name=\"twitter:site\" content=\"@juliette_models\" \/>\n<meta name=\"twitter:label1\" content=\"Tiempo de lectura\" \/>\n\t<meta name=\"twitter:data1\" content=\"1 minuto\" \/>\n<script type=\"application\/ld+json\" class=\"yoast-schema-graph\">{\"@context\":\"https:\\\/\\\/schema.org\",\"@graph\":[{\"@type\":\"WebPage\",\"@id\":\"https:\\\/\\\/juliettemodels.com\\\/es\\\/escorts-en-munich\\\/\",\"url\":\"https:\\\/\\\/juliettemodels.com\\\/es\\\/escorts-en-munich\\\/\",\"name\":\"Escorts en Munich - Juliette Models\",\"isPartOf\":{\"@id\":\"https:\\\/\\\/juliettemodels.com\\\/es\\\/#website\"},\"primaryImageOfPage\":{\"@id\":\"https:\\\/\\\/juliettemodels.com\\\/es\\\/escorts-en-munich\\\/#primaryimage\"},\"image\":{\"@id\":\"https:\\\/\\\/juliettemodels.com\\\/es\\\/escorts-en-munich\\\/#primaryimage\"},\"thumbnailUrl\":\"https:\\\/\\\/juliettemodels.com\\\/wp-content\\\/uploads\\\/2025\\\/07\\\/9logo.jpg\",\"datePublished\":\"2024-01-08T13:50:59+00:00\",\"dateModified\":\"2026-02-08T01:58:23+00:00\",\"description\":\"Agradecerle su visita a nuestra galer\u00eda de escorts de lujo en Munich, estamos a su entera disposici\u00f3n para cualquier duda que tenga.\",\"breadcrumb\":{\"@id\":\"https:\\\/\\\/juliettemodels.com\\\/es\\\/escorts-en-munich\\\/#breadcrumb\"},\"inLanguage\":\"es\",\"potentialAction\":[{\"@type\":\"ReadAction\",\"target\":[\"https:\\\/\\\/juliettemodels.com\\\/es\\\/escorts-en-munich\\\/\"]}]},{\"@type\":\"ImageObject\",\"inLanguage\":\"es\",\"@id\":\"https:\\\/\\\/juliettemodels.com\\\/es\\\/escorts-en-munich\\\/#primaryimage\",\"url\":\"https:\\\/\\\/juliettemodels.com\\\/wp-content\\\/uploads\\\/2025\\\/07\\\/9logo.jpg\",\"contentUrl\":\"https:\\\/\\\/juliettemodels.com\\\/wp-content\\\/uploads\\\/2025\\\/07\\\/9logo.jpg\",\"width\":1263,\"height\":1920,\"caption\":\"Escorts en Munich\"},{\"@type\":\"BreadcrumbList\",\"@id\":\"https:\\\/\\\/juliettemodels.com\\\/es\\\/escorts-en-munich\\\/#breadcrumb\",\"itemListElement\":[{\"@type\":\"ListItem\",\"position\":1,\"name\":\"Home\",\"item\":\"https:\\\/\\\/juliettemodels.com\\\/es\\\/\"},{\"@type\":\"ListItem\",\"position\":2,\"name\":\"Escorts en Munich\"}]},{\"@type\":\"WebSite\",\"@id\":\"https:\\\/\\\/juliettemodels.com\\\/es\\\/#website\",\"url\":\"https:\\\/\\\/juliettemodels.com\\\/es\\\/\",\"name\":\"Juliette Models\",\"description\":\"Escort High Class Model Agency Barcelona, Madrid, Ibiza, Mallorca\",\"publisher\":{\"@id\":\"https:\\\/\\\/juliettemodels.com\\\/es\\\/#organization\"},\"alternateName\":\"Escort Models\",\"potentialAction\":[{\"@type\":\"SearchAction\",\"target\":{\"@type\":\"EntryPoint\",\"urlTemplate\":\"https:\\\/\\\/juliettemodels.com\\\/es\\\/?s={search_term_string}\"},\"query-input\":{\"@type\":\"PropertyValueSpecification\",\"valueRequired\":true,\"valueName\":\"search_term_string\"}}],\"inLanguage\":\"es\"},{\"@type\":\"Organization\",\"@id\":\"https:\\\/\\\/juliettemodels.com\\\/es\\\/#organization\",\"name\":\"Juliette Models\",\"alternateName\":\"Putas en Barcelona\",\"url\":\"https:\\\/\\\/juliettemodels.com\\\/es\\\/\",\"logo\":{\"@type\":\"ImageObject\",\"inLanguage\":\"es\",\"@id\":\"https:\\\/\\\/juliettemodels.com\\\/es\\\/#\\\/schema\\\/logo\\\/image\\\/\",\"url\":\"https:\\\/\\\/juliettemodels.com\\\/wp-content\\\/uploads\\\/2022\\\/08\\\/cropped-cropped-cropped-20211128_005442000_iOS.jpg\",\"contentUrl\":\"https:\\\/\\\/juliettemodels.com\\\/wp-content\\\/uploads\\\/2022\\\/08\\\/cropped-cropped-cropped-20211128_005442000_iOS.jpg\",\"width\":512,\"height\":512,\"caption\":\"Juliette Models\"},\"image\":{\"@id\":\"https:\\\/\\\/juliettemodels.com\\\/es\\\/#\\\/schema\\\/logo\\\/image\\\/\"},\"sameAs\":[\"https:\\\/\\\/x.com\\\/juliette_models\",\"https:\\\/\\\/www.youtube.com\\\/@juliettemodels\"]}]}<\/script>\n<!-- \/ Yoast SEO plugin. -->","yoast_head_json":{"title":"Escorts en Munich - Juliette Models","description":"Agradecerle su visita a nuestra galer\u00eda de escorts de lujo en Munich, estamos a su entera disposici\u00f3n para cualquier duda que tenga.","robots":{"index":"index","follow":"follow","max-snippet":"max-snippet:-1","max-image-preview":"max-image-preview:large","max-video-preview":"max-video-preview:-1"},"canonical":"https:\/\/juliettemodels.com\/es\/escorts-en-munich\/","og_locale":"es_ES","og_type":"article","og_title":"Escorts en Munich - Juliette Models","og_description":"Agradecerle su visita a nuestra galer\u00eda de escorts de lujo en Munich, estamos a su entera disposici\u00f3n para cualquier duda que tenga.","og_url":"https:\/\/juliettemodels.com\/es\/escorts-en-munich\/","og_site_name":"Juliette Models","article_modified_time":"2026-02-08T01:58:23+00:00","og_image":[{"width":1920,"height":1224,"url":"https:\/\/juliettemodels.com\/wp-content\/uploads\/2026\/02\/banner-copia-e1770433855986.jpg","type":"image\/jpeg"}],"twitter_card":"summary_large_image","twitter_image":"https:\/\/juliettemodels.com\/wp-content\/uploads\/2026\/02\/banner-copia-e1770433855986.jpg","twitter_site":"@juliette_models","twitter_misc":{"Tiempo de lectura":"1 minuto"},"schema":{"@context":"https:\/\/schema.org","@graph":[{"@type":"WebPage","@id":"https:\/\/juliettemodels.com\/es\/escorts-en-munich\/","url":"https:\/\/juliettemodels.com\/es\/escorts-en-munich\/","name":"Escorts en Munich - Juliette Models","isPartOf":{"@id":"https:\/\/juliettemodels.com\/es\/#website"},"primaryImageOfPage":{"@id":"https:\/\/juliettemodels.com\/es\/escorts-en-munich\/#primaryimage"},"image":{"@id":"https:\/\/juliettemodels.com\/es\/escorts-en-munich\/#primaryimage"},"thumbnailUrl":"https:\/\/juliettemodels.com\/wp-content\/uploads\/2025\/07\/9logo.jpg","datePublished":"2024-01-08T13:50:59+00:00","dateModified":"2026-02-08T01:58:23+00:00","description":"Agradecerle su visita a nuestra galer\u00eda de escorts de lujo en Munich, estamos a su entera disposici\u00f3n para cualquier duda que tenga.","breadcrumb":{"@id":"https:\/\/juliettemodels.com\/es\/escorts-en-munich\/#breadcrumb"},"inLanguage":"es","potentialAction":[{"@type":"ReadAction","target":["https:\/\/juliettemodels.com\/es\/escorts-en-munich\/"]}]},{"@type":"ImageObject","inLanguage":"es","@id":"https:\/\/juliettemodels.com\/es\/escorts-en-munich\/#primaryimage","url":"https:\/\/juliettemodels.com\/wp-content\/uploads\/2025\/07\/9logo.jpg","contentUrl":"https:\/\/juliettemodels.com\/wp-content\/uploads\/2025\/07\/9logo.jpg","width":1263,"height":1920,"caption":"Escorts en Munich"},{"@type":"BreadcrumbList","@id":"https:\/\/juliettemodels.com\/es\/escorts-en-munich\/#breadcrumb","itemListElement":[{"@type":"ListItem","position":1,"name":"Home","item":"https:\/\/juliettemodels.com\/es\/"},{"@type":"ListItem","position":2,"name":"Escorts en Munich"}]},{"@type":"WebSite","@id":"https:\/\/juliettemodels.com\/es\/#website","url":"https:\/\/juliettemodels.com\/es\/","name":"Juliette Models","description":"Escort High Class Model Agency Barcelona, Madrid, Ibiza, Mallorca","publisher":{"@id":"https:\/\/juliettemodels.com\/es\/#organization"},"alternateName":"Escort Models","potentialAction":[{"@type":"SearchAction","target":{"@type":"EntryPoint","urlTemplate":"https:\/\/juliettemodels.com\/es\/?s={search_term_string}"},"query-input":{"@type":"PropertyValueSpecification","valueRequired":true,"valueName":"search_term_string"}}],"inLanguage":"es"},{"@type":"Organization","@id":"https:\/\/juliettemodels.com\/es\/#organization","name":"Juliette Models","alternateName":"Putas en Barcelona","url":"https:\/\/juliettemodels.com\/es\/","logo":{"@type":"ImageObject","inLanguage":"es","@id":"https:\/\/juliettemodels.com\/es\/#\/schema\/logo\/image\/","url":"https:\/\/juliettemodels.com\/wp-content\/uploads\/2022\/08\/cropped-cropped-cropped-20211128_005442000_iOS.jpg","contentUrl":"https:\/\/juliettemodels.com\/wp-content\/uploads\/2022\/08\/cropped-cropped-cropped-20211128_005442000_iOS.jpg","width":512,"height":512,"caption":"Juliette Models"},"image":{"@id":"https:\/\/juliettemodels.com\/es\/#\/schema\/logo\/image\/"},"sameAs":["https:\/\/x.com\/juliette_models","https:\/\/www.youtube.com\/@juliettemodels"]}]}},"_links":{"self":[{"href":"https:\/\/juliettemodels.com\/es\/wp-json\/wp\/v2\/pages\/8428","targetHints":{"allow":["GET"]}}],"collection":[{"href":"https:\/\/juliettemodels.com\/es\/wp-json\/wp\/v2\/pages"}],"about":[{"href":"https:\/\/juliettemodels.com\/es\/wp-json\/wp\/v2\/types\/page"}],"author":[{"embeddable":true,"href":"https:\/\/juliettemodels.com\/es\/wp-json\/wp\/v2\/users\/1"}],"replies":[{"embeddable":true,"href":"https:\/\/juliettemodels.com\/es\/wp-json\/wp\/v2\/comments?post=8428"}],"version-history":[{"count":5,"href":"https:\/\/juliettemodels.com\/es\/wp-json\/wp\/v2\/pages\/8428\/revisions"}],"predecessor-version":[{"id":15012,"href":"https:\/\/juliettemodels.com\/es\/wp-json\/wp\/v2\/pages\/8428\/revisions\/15012"}],"wp:featuredmedia":[{"embeddable":true,"href":"https:\/\/juliettemodels.com\/es\/wp-json\/wp\/v2\/media\/12773"}],"wp:attachment":[{"href":"https:\/\/juliettemodels.com\/es\/wp-json\/wp\/v2\/media?parent=8428"}],"curies":[{"name":"wp","href":"https:\/\/api.w.org\/{rel}","templated":true}]}}